{"id":125,"date":"2016-10-31T20:22:15","date_gmt":"2016-10-31T20:22:15","guid":{"rendered":"https:\/\/expressocaledonia.com.br\/site\/?page_id=125"},"modified":"2016-10-31T20:25:51","modified_gmt":"2016-10-31T20:25:51","slug":"servicos","status":"publish","type":"page","link":"https:\/\/expressocaledonia.com.br\/site\/servicos\/","title":{"rendered":"Servicos"},"content":{"rendered":"<p>[et_pb_section admin_label=&#8221;section&#8221;][et_pb_row admin_label=&#8221;row&#8221;][et_pb_column type=&#8221;1_2&#8243;][et_pb_text admin_label=&#8221;Texto&#8221; background_layout=&#8221;light&#8221; text_orientation=&#8221;left&#8221; use_border_color=&#8221;off&#8221; border_color=&#8221;#ffffff&#8221; border_style=&#8221;solid&#8221;]<\/p>\n<h1>Servi\u00e7os<\/h1>\n<p>[\/et_pb_text][et_pb_image admin_label=&#8221;Imagem&#8221; src=&#8221;https:\/\/expressocaledonia.com.br\/site\/wp-content\/uploads\/2016\/10\/imagem-3-Porque-Terceirizar-logistica-1.png&#8221; show_in_lightbox=&#8221;off&#8221; url_new_window=&#8221;off&#8221; use_overlay=&#8221;off&#8221; animation=&#8221;left&#8221; sticky=&#8221;off&#8221; align=&#8221;left&#8221; force_fullwidth=&#8221;off&#8221; always_center_on_mobile=&#8221;on&#8221; use_border_color=&#8221;off&#8221; border_color=&#8221;#ffffff&#8221; border_style=&#8221;solid&#8221;]<\/p>\n<p>[\/et_pb_image][\/et_pb_column][et_pb_column type=&#8221;1_2&#8243;][et_pb_accordion admin_label=&#8221;Sanfona&#8221; use_border_color=&#8221;off&#8221; border_color=&#8221;#ffffff&#8221; border_style=&#8221;solid&#8221;]<\/p>\n<p>[et_pb_accordion_item title=&#8221;Transporte Rodovi\u00e1rio de Carga Fechada&#8221;]<\/p>\n<p>Com o servi\u00e7o de transporte de carga fechada a Expresso Caled\u00f4nia busca atender as necessidades de movimenta\u00e7\u00e3o de cargas de um ponto a outro ou ainda de v\u00e1rios pontos de um \u00fanico embarcador.<\/p>\n<p>Servi\u00e7o de transporte de cargas secas \u2013 acondicionado em ba\u00fa, sider ou carroceria aberta \u2013 podendo ser contratado por servi\u00e7o, viagem, mensal ou anual.<\/p>\n<p>[\/et_pb_accordion_item][et_pb_accordion_item title=&#8221;Transporte Dedicado&#8221;]<\/p>\n<p>Com este servi\u00e7o a Expresso Caled\u00f4nia busca atender o nicho de mercado que necessita de uma frota a sua disposi\u00e7\u00e3o.<br \/>\nTendo como resultado a redu\u00e7\u00e3o de custos com transportes e a melhoria cont\u00ednua de produtividade por ve\u00edculo.<\/p>\n<p>Nesta modalidade de servi\u00e7o de transporte, geralmente as empresas embarcadoras ou contratantes, envelopam ou adesivam a sua marca nos ve\u00edculos contratados.<\/p>\n<p>Podendo a sua contrata\u00e7\u00e3o ser mensal, anual ou por longos per\u00edodos<\/p>\n<p>[\/et_pb_accordion_item][et_pb_accordion_item title=&#8221;Log\u00edstica de Distribui\u00e7\u00e3o&#8221;]<\/p>\n<p>Na log\u00edstica de distribui\u00e7\u00e3o a Expresso Caled\u00f4nia oferece toda a infra-estrutura de recursos humanos, de administra\u00e7\u00e3o e de transportes.<\/p>\n<p>Para tanto, a Expresso Caled\u00f4nia oferece de forma capacitada somente o servi\u00e7o in-house, ou seja, na planta do seu cliente, pois \u00e9 uma forma de se reduzir o tempo e a gest\u00e3o do processo como um todo.<\/p>\n<p>A log\u00edstica de distribui\u00e7\u00e3o compreende, nos seguintes servi\u00e7os:<\/p>\n<p>&#8211; Coleta;<br \/>\n&#8211; Entrega;<br \/>\n&#8211; Reversa;<br \/>\n&#8211; Controle e acompanhamento de coletas, entregas e reversas;<br \/>\n&#8211; Agendamento de entregas;<br \/>\n&#8211; Controles de efici\u00eancia (SLA);<br \/>\n&#8211; Controles administrativos (canhotos e notas fiscais);<br \/>\n&#8211; Controles de ativos (embalagens retorn\u00e1veis);<br \/>\n&#8211; Controle e contrata\u00e7\u00e3o de m\u00e3o de obra;<br \/>\n&#8211; Contrata\u00e7\u00e3o de transportes (terceiros);<br \/>\n&#8211; Solu\u00e7\u00f5es em conjunto com o contratante;<br \/>\n&#8211; Reuni\u00f5es quinzenais para melhoria de processos e procedimentos, avalia\u00e7\u00e3o da efici\u00eancia de entregas, coletas e reversas, dificuldades         ..operacionais entre outros assuntos.<\/p>\n<p>[\/et_pb_accordion_item][et_pb_accordion_item title=&#8221;Servi\u00e7os Log\u00edsticos&#8221;]<\/p>\n<p>Para atender as diversas necessidades do mercado, a Expresso Caled\u00f4nia disponibiliza aos seus clientes alguns servi\u00e7os facilitadores para entregas em grandes redes, tais como:<\/p>\n<p>&#8211; Paletiza\u00e7\u00e3o Padronizada;<br \/>\n&#8211; Strech em Paletes Padronizados;<br \/>\n&#8211; Agendamento de Entregas;<br \/>\n&#8211; Roteirizar\u00e3o de Entregas.<\/p>\n<p>[\/et_pb_accordion_item]<\/p>\n<p>[\/et_pb_accordion][\/et_pb_column][\/et_pb_row][\/et_pb_section]<\/p>\n","protected":false},"excerpt":{"rendered":"<p>[et_pb_section admin_label=&#8221;section&#8221;][et_pb_row admin_label=&#8221;row&#8221;][et_pb_column type=&#8221;1_2&#8243;][et_pb_text admin_label=&#8221;Texto&#8221; background_layout=&#8221;light&#8221; text_orientation=&#8221;left&#8221; use_border_color=&#8221;off&#8221; border_color=&#8221;#ffffff&#8221; border_style=&#8221;solid&#8221;] Servi\u00e7os [\/et_pb_text][et_pb_image admin_label=&#8221;Imagem&#8221; src=&#8221;https:\/\/expressocaledonia.com.br\/site\/wp-content\/uploads\/2016\/10\/imagem-3-Porque-Terceirizar-logistica-1.png&#8221; show_in_lightbox=&#8221;off&#8221; url_new_window=&#8221;off&#8221; use_overlay=&#8221;off&#8221; animation=&#8221;left&#8221; sticky=&#8221;off&#8221; align=&#8221;left&#8221; force_fullwidth=&#8221;off&#8221; always_center_on_mobile=&#8221;on&#8221; use_border_color=&#8221;off&#8221; border_color=&#8221;#ffffff&#8221; border_style=&#8221;solid&#8221;] [\/et_pb_image][\/et_pb_column][et_pb_column type=&#8221;1_2&#8243;][et_pb_accordion admin_label=&#8221;Sanfona&#8221; use_border_color=&#8221;off&#8221; border_color=&#8221;#ffffff&#8221; border_style=&#8221;solid&#8221;] [et_pb_accordion_item title=&#8221;Transporte Rodovi\u00e1rio de Carga Fechada&#8221;] Com o servi\u00e7o de transporte de carga fechada a Expresso Caled\u00f4nia busca atender as necessidades de movimenta\u00e7\u00e3o de [&hellip;]<\/p>\n","protected":false},"author":1,"featured_media":0,"parent":0,"menu_order":0,"comment_status":"closed","ping_status":"closed","template":"","meta":{"_et_pb_use_builder":"on","_et_pb_old_content":"","_et_gb_content_width":""},"_links":{"self":[{"href":"https:\/\/expressocaledonia.com.br\/site\/wp-json\/wp\/v2\/pages\/125"}],"collection":[{"href":"https:\/\/expressocaledonia.com.br\/site\/wp-json\/wp\/v2\/pages"}],"about":[{"href":"https:\/\/expressocaledonia.com.br\/site\/wp-json\/wp\/v2\/types\/page"}],"author":[{"embeddable":true,"href":"https:\/\/expressocaledonia.com.br\/site\/wp-json\/wp\/v2\/users\/1"}],"replies":[{"embeddable":true,"href":"https:\/\/expressocaledonia.com.br\/site\/wp-json\/wp\/v2\/comments?post=125"}],"version-history":[{"count":3,"href":"https:\/\/expressocaledonia.com.br\/site\/wp-json\/wp\/v2\/pages\/125\/revisions"}],"predecessor-version":[{"id":130,"href":"https:\/\/expressocaledonia.com.br\/site\/wp-json\/wp\/v2\/pages\/125\/revisions\/130"}],"wp:attachment":[{"href":"https:\/\/expressocaledonia.com.br\/site\/wp-json\/wp\/v2\/media?parent=125"}],"curies":[{"name":"wp","href":"https:\/\/api.w.org\/{rel}","templated":true}]}}