{"id":119,"date":"2016-10-31T20:12:49","date_gmt":"2016-10-31T20:12:49","guid":{"rendered":"https:\/\/expressocaledonia.com.br\/site\/?page_id=119"},"modified":"2016-10-31T20:14:59","modified_gmt":"2016-10-31T20:14:59","slug":"seguranca","status":"publish","type":"page","link":"https:\/\/expressocaledonia.com.br\/site\/seguranca\/","title":{"rendered":"Seguran\u00e7a"},"content":{"rendered":"<p>[et_pb_section admin_label=&#8221;section&#8221;][et_pb_row admin_label=&#8221;row&#8221;][et_pb_column type=&#8221;1_2&#8243;][et_pb_text admin_label=&#8221;Texto&#8221; background_layout=&#8221;light&#8221; text_orientation=&#8221;left&#8221; use_border_color=&#8221;off&#8221; border_color=&#8221;#ffffff&#8221; border_style=&#8221;solid&#8221;]<\/p>\n<h1>Seguran\u00e7a<\/h1>\n<p>[\/et_pb_text][et_pb_image admin_label=&#8221;Imagem&#8221; src=&#8221;https:\/\/expressocaledonia.com.br\/site\/wp-content\/uploads\/2016\/10\/seguridad-de-carga-300&#215;200.jpg&#8221; show_in_lightbox=&#8221;off&#8221; url_new_window=&#8221;off&#8221; use_overlay=&#8221;off&#8221; animation=&#8221;left&#8221; sticky=&#8221;off&#8221; align=&#8221;left&#8221; force_fullwidth=&#8221;off&#8221; always_center_on_mobile=&#8221;on&#8221; use_border_color=&#8221;off&#8221; border_color=&#8221;#ffffff&#8221; border_style=&#8221;solid&#8221;]<\/p>\n<p>[\/et_pb_image][\/et_pb_column][et_pb_column type=&#8221;1_2&#8243;][et_pb_text admin_label=&#8221;Texto&#8221; background_layout=&#8221;light&#8221; text_orientation=&#8221;justified&#8221; use_border_color=&#8221;off&#8221; border_color=&#8221;#ffffff&#8221; border_style=&#8221;solid&#8221;]<\/p>\n<h2>Carga Rastreada<\/h2>\n<p>Possu\u00edmos um sistema online para acompanhamento (follow-up) de cargas nacionais e internacionais, contemplando todo o sistema log\u00edstico e cadeia de suprimentos (supply chain).<\/p>\n<p>Com o nosso sistema online de acompanhamento de cargas, sua empresa pode focar seus esfor\u00e7os na sua atividade principal e voc\u00ea pode acompanhar o status das cargas a qualquer momento via internet.<\/p>\n<p>[\/et_pb_text][\/et_pb_column][\/et_pb_row][\/et_pb_section][et_pb_section admin_label=&#8221;Se\u00e7\u00e3o&#8221; fullwidth=&#8221;off&#8221; specialty=&#8221;off&#8221; transparent_background=&#8221;off&#8221; background_color=&#8221;#164c0d&#8221; allow_player_pause=&#8221;off&#8221; inner_shadow=&#8221;off&#8221; parallax=&#8221;off&#8221; parallax_method=&#8221;off&#8221; padding_mobile=&#8221;off&#8221; make_fullwidth=&#8221;off&#8221; use_custom_width=&#8221;off&#8221; width_unit=&#8221;on&#8221; make_equal=&#8221;off&#8221; use_custom_gutter=&#8221;off&#8221;][et_pb_row admin_label=&#8221;Linha&#8221;][et_pb_column type=&#8221;1_2&#8243;][et_pb_image admin_label=&#8221;Imagem&#8221; src=&#8221;https:\/\/expressocaledonia.com.br\/site\/wp-content\/uploads\/2016\/10\/seguro.png&#8221; show_in_lightbox=&#8221;off&#8221; url_new_window=&#8221;off&#8221; use_overlay=&#8221;off&#8221; animation=&#8221;left&#8221; sticky=&#8221;off&#8221; align=&#8221;left&#8221; force_fullwidth=&#8221;off&#8221; always_center_on_mobile=&#8221;on&#8221; use_border_color=&#8221;off&#8221; border_color=&#8221;#ffffff&#8221; border_style=&#8221;solid&#8221;]<\/p>\n<p>[\/et_pb_image][\/et_pb_column][et_pb_column type=&#8221;1_2&#8243;][et_pb_text admin_label=&#8221;Texto&#8221; background_layout=&#8221;dark&#8221; text_orientation=&#8221;justified&#8221; use_border_color=&#8221;off&#8221; border_color=&#8221;#ffffff&#8221; border_style=&#8221;solid&#8221;]<\/p>\n<h1>Carga Segurada<\/h1>\n<p>O seguro de transporte de cargas tem legisla\u00e7\u00e3o e especifica\u00e7\u00f5es pr\u00f3prias. H\u00e1 coberturas de seguro transportes que s\u00e3o obrigat\u00f3rias como o seguro de Responsabilidade Civil do Transportador Rodovi\u00e1rio de Carga (RCTR-C) feito pelo transportador para proteger as mercadorias transportadas de riscos de terceiros, de acidentes rodovi\u00e1rios, inc\u00eandio do ve\u00edculo transportador e inc\u00eandio em armaz\u00e9m do transportador.<\/p>\n<p>[\/et_pb_text][\/et_pb_column][\/et_pb_row][\/et_pb_section]<\/p>\n","protected":false},"excerpt":{"rendered":"<p>[et_pb_section admin_label=&#8221;section&#8221;][et_pb_row admin_label=&#8221;row&#8221;][et_pb_column type=&#8221;1_2&#8243;][et_pb_text admin_label=&#8221;Texto&#8221; background_layout=&#8221;light&#8221; text_orientation=&#8221;left&#8221; use_border_color=&#8221;off&#8221; border_color=&#8221;#ffffff&#8221; border_style=&#8221;solid&#8221;] Seguran\u00e7a [\/et_pb_text][et_pb_image admin_label=&#8221;Imagem&#8221; src=&#8221;https:\/\/expressocaledonia.com.br\/site\/wp-content\/uploads\/2016\/10\/seguridad-de-carga-300&#215;200.jpg&#8221; show_in_lightbox=&#8221;off&#8221; url_new_window=&#8221;off&#8221; use_overlay=&#8221;off&#8221; animation=&#8221;left&#8221; sticky=&#8221;off&#8221; align=&#8221;left&#8221; force_fullwidth=&#8221;off&#8221; always_center_on_mobile=&#8221;on&#8221; use_border_color=&#8221;off&#8221; border_color=&#8221;#ffffff&#8221; border_style=&#8221;solid&#8221;] [\/et_pb_image][\/et_pb_column][et_pb_column type=&#8221;1_2&#8243;][et_pb_text admin_label=&#8221;Texto&#8221; background_layout=&#8221;light&#8221; text_orientation=&#8221;justified&#8221; use_border_color=&#8221;off&#8221; border_color=&#8221;#ffffff&#8221; border_style=&#8221;solid&#8221;] Carga Rastreada Possu\u00edmos um sistema online para acompanhamento (follow-up) de cargas nacionais e internacionais, contemplando todo o sistema log\u00edstico e cadeia de [&hellip;]<\/p>\n","protected":false},"author":1,"featured_media":0,"parent":0,"menu_order":0,"comment_status":"closed","ping_status":"closed","template":"","meta":{"_et_pb_use_builder":"on","_et_pb_old_content":"","_et_gb_content_width":""},"_links":{"self":[{"href":"https:\/\/expressocaledonia.com.br\/site\/wp-json\/wp\/v2\/pages\/119"}],"collection":[{"href":"https:\/\/expressocaledonia.com.br\/site\/wp-json\/wp\/v2\/pages"}],"about":[{"href":"https:\/\/expressocaledonia.com.br\/site\/wp-json\/wp\/v2\/types\/page"}],"author":[{"embeddable":true,"href":"https:\/\/expressocaledonia.com.br\/site\/wp-json\/wp\/v2\/users\/1"}],"replies":[{"embeddable":true,"href":"https:\/\/expressocaledonia.com.br\/site\/wp-json\/wp\/v2\/comments?post=119"}],"version-history":[{"count":4,"href":"https:\/\/expressocaledonia.com.br\/site\/wp-json\/wp\/v2\/pages\/119\/revisions"}],"predecessor-version":[{"id":124,"href":"https:\/\/expressocaledonia.com.br\/site\/wp-json\/wp\/v2\/pages\/119\/revisions\/124"}],"wp:attachment":[{"href":"https:\/\/expressocaledonia.com.br\/site\/wp-json\/wp\/v2\/media?parent=119"}],"curies":[{"name":"wp","href":"https:\/\/api.w.org\/{rel}","templated":true}]}}