{"id":104,"date":"2016-10-31T19:49:56","date_gmt":"2016-10-31T19:49:56","guid":{"rendered":"https:\/\/expressocaledonia.com.br\/site\/?page_id=104"},"modified":"2016-10-31T19:53:04","modified_gmt":"2016-10-31T19:53:04","slug":"a-empresa","status":"publish","type":"page","link":"https:\/\/expressocaledonia.com.br\/site\/a-empresa\/","title":{"rendered":"A Empresa"},"content":{"rendered":"<p>[et_pb_section admin_label=&#8221;section&#8221;][et_pb_row admin_label=&#8221;row&#8221;][et_pb_column type=&#8221;1_2&#8243;][et_pb_image admin_label=&#8221;Imagem&#8221; src=&#8221;https:\/\/expressocaledonia.com.br\/site\/wp-content\/uploads\/2016\/10\/logistica.jpg&#8221; show_in_lightbox=&#8221;off&#8221; url_new_window=&#8221;off&#8221; use_overlay=&#8221;off&#8221; animation=&#8221;left&#8221; sticky=&#8221;off&#8221; align=&#8221;left&#8221; force_fullwidth=&#8221;off&#8221; always_center_on_mobile=&#8221;on&#8221; use_border_color=&#8221;off&#8221; border_color=&#8221;#ffffff&#8221; border_style=&#8221;solid&#8221;]<\/p>\n<p>[\/et_pb_image][\/et_pb_column][et_pb_column type=&#8221;1_2&#8243;][et_pb_text admin_label=&#8221;Texto&#8221; background_layout=&#8221;light&#8221; text_orientation=&#8221;left&#8221; use_border_color=&#8221;off&#8221; border_color=&#8221;#ffffff&#8221; border_style=&#8221;solid&#8221;]<\/p>\n<h1>A Empresa<\/h1>\n<p>[\/et_pb_text][et_pb_text admin_label=&#8221;Texto&#8221; background_layout=&#8221;light&#8221; text_orientation=&#8221;justified&#8221; use_border_color=&#8221;off&#8221; border_color=&#8221;#ffffff&#8221; border_style=&#8221;solid&#8221;]<\/p>\n<p>A Expresso Caled\u00f4nia \u00e9 focada exclusivamente em solu\u00e7\u00f5es para o segmento de transportes. Possu\u00edmos um leque de sistemas que cobre todas as etapas das opera\u00e7\u00f5es de transportes e oferece Solu\u00e7\u00f5es  a participantes de todos os segmentos: Embarcadores, Operadores Log\u00edsticos, Transportadoras e D estinat\u00e1rios.  Nossos sistemas foram concebidos com base nas necessidades do setor, mapeadas ao longo de mais de 15 anos no mercado e constru\u00eddos com o objetivo de levar seguran\u00e7a \u00e0s informa\u00e7\u00f5es e facilidades aos usu\u00e1rios, aumentando a produtividade e a capacidade de gest\u00e3o das opera\u00e7\u00f5es.<\/p>\n<p>A Expresso Caled\u00f4nia \u00e9 fornecedora de servi\u00e7os log\u00edsticos desde o transporte da mat\u00e9ria prima at\u00e9 a entrega do cliente final. Fundada em 1988 com o objetivo de oferecer novo conceito em servi\u00e7os, foi pioneira em Log\u00edstica Integrada no segmento automotivo na regi\u00e3o de S\u00e3o Paulo, sendo respons\u00e1vel pelo abastecimento direto da linha de produ\u00e7\u00e3o dos seus clientes.<\/p>\n<p>Orientada por seu compromisso com os clientes e mercado, cresceu e se especializou no processo de Supply Chain Management, provendo servi\u00e7os como operador log\u00edstico. Atua nos segmentos de autope\u00e7as, t\u00eaxtil, ferro e a\u00e7o, qu\u00edmicos, papel e celulose. A empresa investe em tecnologia e mant\u00e9m sua responsabilidade social e ambiental.<\/p>\n<p>A Expresso Caled\u00f4nia \u00e9 reconhecida por oferecer atendimento personalizado, fornecendo informa\u00e7\u00f5es com clareza e rapidez, sendo flex\u00edvel para atender necessidades espec\u00edficas de seus clientes e segmentos.<\/p>\n<p>[\/et_pb_text][\/et_pb_column][\/et_pb_row][\/et_pb_section]<\/p>\n","protected":false},"excerpt":{"rendered":"<p>[et_pb_section admin_label=&#8221;section&#8221;][et_pb_row admin_label=&#8221;row&#8221;][et_pb_column type=&#8221;1_2&#8243;][et_pb_image admin_label=&#8221;Imagem&#8221; src=&#8221;https:\/\/expressocaledonia.com.br\/site\/wp-content\/uploads\/2016\/10\/logistica.jpg&#8221; show_in_lightbox=&#8221;off&#8221; url_new_window=&#8221;off&#8221; use_overlay=&#8221;off&#8221; animation=&#8221;left&#8221; sticky=&#8221;off&#8221; align=&#8221;left&#8221; force_fullwidth=&#8221;off&#8221; always_center_on_mobile=&#8221;on&#8221; use_border_color=&#8221;off&#8221; border_color=&#8221;#ffffff&#8221; border_style=&#8221;solid&#8221;] [\/et_pb_image][\/et_pb_column][et_pb_column type=&#8221;1_2&#8243;][et_pb_text admin_label=&#8221;Texto&#8221; background_layout=&#8221;light&#8221; text_orientation=&#8221;left&#8221; use_border_color=&#8221;off&#8221; border_color=&#8221;#ffffff&#8221; border_style=&#8221;solid&#8221;] A Empresa [\/et_pb_text][et_pb_text admin_label=&#8221;Texto&#8221; background_layout=&#8221;light&#8221; text_orientation=&#8221;justified&#8221; use_border_color=&#8221;off&#8221; border_color=&#8221;#ffffff&#8221; border_style=&#8221;solid&#8221;] A Expresso Caled\u00f4nia \u00e9 focada exclusivamente em solu\u00e7\u00f5es para o segmento de transportes. Possu\u00edmos um leque de sistemas que cobre todas [&hellip;]<\/p>\n","protected":false},"author":1,"featured_media":0,"parent":0,"menu_order":0,"comment_status":"closed","ping_status":"closed","template":"","meta":{"_et_pb_use_builder":"on","_et_pb_old_content":"","_et_gb_content_width":""},"_links":{"self":[{"href":"https:\/\/expressocaledonia.com.br\/site\/wp-json\/wp\/v2\/pages\/104"}],"collection":[{"href":"https:\/\/expressocaledonia.com.br\/site\/wp-json\/wp\/v2\/pages"}],"about":[{"href":"https:\/\/expressocaledonia.com.br\/site\/wp-json\/wp\/v2\/types\/page"}],"author":[{"embeddable":true,"href":"https:\/\/expressocaledonia.com.br\/site\/wp-json\/wp\/v2\/users\/1"}],"replies":[{"embeddable":true,"href":"https:\/\/expressocaledonia.com.br\/site\/wp-json\/wp\/v2\/comments?post=104"}],"version-history":[{"count":4,"href":"https:\/\/expressocaledonia.com.br\/site\/wp-json\/wp\/v2\/pages\/104\/revisions"}],"predecessor-version":[{"id":108,"href":"https:\/\/expressocaledonia.com.br\/site\/wp-json\/wp\/v2\/pages\/104\/revisions\/108"}],"wp:attachment":[{"href":"https:\/\/expressocaledonia.com.br\/site\/wp-json\/wp\/v2\/media?parent=104"}],"curies":[{"name":"wp","href":"https:\/\/api.w.org\/{rel}","templated":true}]}}